{"id":23,"date":"2022-01-15T14:05:04","date_gmt":"2022-01-15T13:05:04","guid":{"rendered":"https:\/\/test.gannatrando.fr\/?page_id=23"},"modified":"2022-01-15T14:05:04","modified_gmt":"2022-01-15T13:05:04","slug":"programme-des-randonnees-2","status":"publish","type":"page","link":"https:\/\/test.gannatrando.fr\/index.php\/programme-des-randonnees-2\/","title":{"rendered":"Programme des randonn\u00e9es"},"content":{"rendered":"\n<h5 class=\"has-text-align-center has-large-font-size wp-block-heading\"><span style=\"color:#275c17\" class=\"has-inline-color\">JANVIER 2022<\/span><\/h5>\n\n\n\n<figure class=\"wp-block-image size-full is-resized\"><img loading=\"lazy\" decoding=\"async\" src=\"https:\/\/test.gannatrando.fr\/wp-content\/uploads\/2022\/01\/marcheurs-gifs-animes-766729.gif\" alt=\"\" class=\"wp-image-26\" width=\"111\" height=\"141\"\/><\/figure>\n\n\n\n<div class=\"wp-block-columns is-layout-flex wp-container-core-columns-is-layout-9d6595d7 wp-block-columns-is-layout-flex\">\n<div class=\"wp-block-column is-layout-flow wp-block-column-is-layout-flow\"><\/div>\n\n\n\n<div class=\"wp-block-column is-layout-flow wp-block-column-is-layout-flow\"><\/div>\n<\/div>\n\n\n\n<p class=\"has-black-color has-text-color\"><span style=\"color:#169be8\" class=\"has-inline-color\"><strong>Jeudi 6 janvier<\/strong><\/span>: Circuit&nbsp;&nbsp;\u00ab\u00a0Autour de Saint- Priest- d\u2019Andelot\u00a0\u00bb 2h45 \u2013 10km. D\u00e9nivel\u00e9 130m. D\u00e9part du parking du champ de foire de<strong><span class=\"has-inline-color has-vivid-red-color\"> Gannat<\/span><\/strong> \u00e0 13h30.<span class=\"has-inline-color has-vivid-green-cyan-color\"> <\/span><strong><span class=\"has-inline-color has-vivid-green-cyan-color\">Animateur Yves Roumeau &nbsp;<\/span><br>&nbsp;&nbsp;<\/strong><br><span class=\"has-inline-color has-vivid-cyan-blue-color\">J<\/span><strong><span class=\"has-inline-color has-vivid-cyan-blue-color\">eudi 6 janvier<\/span>:<\/strong> Circuit&nbsp;&nbsp;\u00a0\u00bb Le chemin des lavoirs\u00a0\u00bb &nbsp;10km. 120m de d\u00e9nivel\u00e9. D\u00e9part au parking de l&nbsp;\u2018\u00e9glise de<strong><span class=\"has-inline-color has-vivid-red-color\"> Naves.<\/span><\/strong> &nbsp;Rendez-vous au parking du champ de foire de Gannat \u00e0 9h. Covoiturage. <span class=\"has-inline-color has-vivid-green-cyan-color\"><strong>Animation: Mireille Soret &nbsp;ou Patrick Bertrand<\/strong><\/span>&nbsp;<\/p>\n\n\n\n<p><span class=\"has-inline-color has-vivid-cyan-blue-color\">&nbsp;&nbsp;<strong>Jeudi 13 janvier<\/strong><\/span>:&nbsp;&nbsp;Circuit&nbsp;&nbsp;\u00a0\u00bb Le Tour du Puy Murat\u00a0\u00bb 2h45 \u2013 9.5km. D\u00e9nivel\u00e9 160m. D\u00e9part du parking \u00ab&nbsp;&nbsp;Salle des activit\u00e9s&nbsp;&nbsp;\u00bb de <strong><span class=\"has-inline-color has-vivid-red-color\">Jozerand<\/span><\/strong>. Rendez-vous au parking du champ de foire de Gannat \u00e0 13h30. Covoiturage. <strong><span class=\"has-inline-color has-vivid-green-cyan-color\">Animateur Alain Roche<\/span><\/strong><\/p>\n\n\n\n<p><span class=\"has-inline-color has-vivid-cyan-blue-color\">Jeu<\/span><strong><span class=\"has-inline-color has-vivid-cyan-blue-color\">di 13 janvier<\/span>:<\/strong> Circuit\u201c La source de Charponne\u201c 13 km &#8211; 335 m de d\u00e9nivel\u00e9. D\u00e9part parking \u00e9glise de <span class=\"has-inline-color has-vivid-red-color\"><strong>Saint-Quintin <\/strong><\/span>Rendez-vous au parking du champ de foire de Gannat \u00e0 9h.<br><span class=\"has-inline-color has-vivid-green-cyan-color\"><strong>Animation: Mireille Soret &nbsp;ou Patrick Bertrand&nbsp;&nbsp;<\/strong><\/span><\/p>\n\n\n\n<p><span class=\"has-inline-color has-vivid-cyan-blue-color\">Di<strong>manche 16 janvier<\/strong><\/span>: Circuit&nbsp;&nbsp;\u00a0\u00bb &nbsp;Ch\u00e2teau de Salles\u00a0\u00bb &nbsp;7h &#8211; 21km &#8211; d\u00e9nivel\u00e9 300m d\u00e9part pr\u00e8s du ch\u00e2teau de <strong><span class=\"has-inline-color has-vivid-red-color\">Salles<\/span><\/strong>. Rendez-vous au parking du champ de foire de &nbsp;Gannat \u00e0 8h15. Repas sorti du sac. Covoiturage.<br><strong><span class=\"has-inline-color has-vivid-green-cyan-color\">Animateur Fr\u00e9d\u00e9ric Audin<\/span><\/strong>, le pr\u00e9venir obligatoirement au plus tard le vendredi pr\u00e9c\u00e9dent pour votre participation \u00e0 la randonn\u00e9e du dimanche. &nbsp;<\/p>\n\n\n\n<p><span class=\"has-inline-color has-vivid-cyan-blue-color\"><strong>Jeudi 20 janvier<\/strong>&nbsp;&nbsp;<\/span>: Circuit\u201c Main dans la main&nbsp;&nbsp;\u00a0\u00bb &nbsp;3h \u201310,5km \u2013 d\u00e9nivel\u00e9 NC &nbsp;D\u00e9part parking de la salle des f\u00eates de<strong><span class=\"has-inline-color has-vivid-red-color\"> Cellule (63)<\/span><\/strong>.&nbsp;&nbsp;Rendez-vous au parking du champ de foire de Gannat \u00e0 13h30. Covoiturage. <span class=\"has-inline-color has-vivid-green-cyan-color\"><strong>Animatrice Dani\u00e8le M\u00e9chin<\/strong><\/span><\/p>\n\n\n\n<p><span class=\"has-inline-color has-vivid-cyan-blue-color\"><strong>Jeudi 20 janvier \u00e0 la journ\u00e9e<\/strong>:<\/span> Circuit \u201cAutour du Ch\u00e2teau de Montmorin\u201c 21,5 km &#8211; 620 m de d\u00e9nivel\u00e9<br>D\u00e9part \u00e0 <strong><span class=\"has-inline-color has-vivid-red-color\">Egliseneuve pr\u00e8s Billom<\/span><\/strong> D997 sortie Billom ou rendez-vous au Champ de Foire de Gannat \u00e0 8h30<br><strong><span class=\"has-inline-color has-vivid-green-cyan-color\">Animation: Mireille Soret &nbsp;&nbsp;ou Patrick Bertrand&nbsp;&nbsp;<\/span><\/strong><\/p>\n\n\n\n<p><span class=\"has-inline-color has-vivid-cyan-blue-color\"><strong>Jeudi 27 janvier<\/strong><\/span>: Circuit \u201c Entre Sioule et Bouble \u201c 3h30 \u2013 12.5km \u2013 50m de d\u00e9nivel\u00e9. D\u00e9part et parking \u00e0 l\u2019\u00e9glise de<strong><span class=\"has-inline-color has-vivid-red-color\"> Bayet.<\/span><\/strong> Rendez-vous au parking du champ de foire de &nbsp;Gannat \u00e0&nbsp;&nbsp;13h30. Covoiturage. .<br><strong><span class=\"has-inline-color has-vivid-green-cyan-color\">Animateur Jean Louis Chagnaud &nbsp;<\/span><\/strong><\/p>\n\n\n\n<p><span class=\"has-inline-color has-vivid-cyan-blue-color\">J<strong>eudi 27 janvier<\/strong>:<\/span> Circuit \u201cLa boucle des Puys\u201c 13 km &#8211; 150 m de d\u00e9nivel\u00e9. D\u00e9part Mairie d<strong><span class=\"has-inline-color has-vivid-red-color\">\u2019Espinasse-Vozelle<\/span><\/strong>. Rendez-vous au parking du Champ de Foire de Gannat \u00e0 9h<br><strong><span class=\"has-inline-color has-vivid-green-cyan-color\">Animation: Mireille Soret &nbsp;ou Patrick Bertrand&nbsp;&nbsp;<\/span><\/strong><br>&nbsp;&nbsp;<\/p>\n","protected":false},"excerpt":{"rendered":"<p>JANVIER 2022 Jeudi 6 janvier: Circuit&nbsp;&nbsp;\u00ab\u00a0Autour de Saint- Priest- d\u2019Andelot\u00a0\u00bb 2h45 \u2013 10km. D\u00e9nivel\u00e9 130m. D\u00e9part du parking du champ de foire de Gannat \u00e0 13h30. Animateur Yves Roumeau &nbsp;&nbsp;&nbsp;Jeudi 6 janvier: Circuit&nbsp;&nbsp;\u00a0\u00bb Le chemin des lavoirs\u00a0\u00bb &nbsp;10km. 120m de d\u00e9nivel\u00e9. D\u00e9part au parking de l&nbsp;\u2018\u00e9glise de Naves. &nbsp;Rendez-vous au parking du champ de foire&#8230;<\/p>\n","protected":false},"author":1,"featured_media":0,"parent":0,"menu_order":0,"comment_status":"closed","ping_status":"closed","template":"","meta":{"_kad_post_transparent":"","_kad_post_title":"","_kad_post_layout":"","_kad_post_sidebar_id":"","_kad_post_content_style":"","_kad_post_vertical_padding":"","_kad_post_feature":"","_kad_post_feature_position":"","_kad_post_header":false,"_kad_post_footer":false,"footnotes":""},"class_list":["post-23","page","type-page","status-publish","hentry"],"_links":{"self":[{"href":"https:\/\/test.gannatrando.fr\/index.php\/wp-json\/wp\/v2\/pages\/23","targetHints":{"allow":["GET"]}}],"collection":[{"href":"https:\/\/test.gannatrando.fr\/index.php\/wp-json\/wp\/v2\/pages"}],"about":[{"href":"https:\/\/test.gannatrando.fr\/index.php\/wp-json\/wp\/v2\/types\/page"}],"author":[{"embeddable":true,"href":"https:\/\/test.gannatrando.fr\/index.php\/wp-json\/wp\/v2\/users\/1"}],"replies":[{"embeddable":true,"href":"https:\/\/test.gannatrando.fr\/index.php\/wp-json\/wp\/v2\/comments?post=23"}],"version-history":[{"count":14,"href":"https:\/\/test.gannatrando.fr\/index.php\/wp-json\/wp\/v2\/pages\/23\/revisions"}],"predecessor-version":[{"id":344,"href":"https:\/\/test.gannatrando.fr\/index.php\/wp-json\/wp\/v2\/pages\/23\/revisions\/344"}],"wp:attachment":[{"href":"https:\/\/test.gannatrando.fr\/index.php\/wp-json\/wp\/v2\/media?parent=23"}],"curies":[{"name":"wp","href":"https:\/\/api.w.org\/{rel}","templated":true}]}}