{"id":236,"date":"2022-01-13T18:51:22","date_gmt":"2022-01-13T17:51:22","guid":{"rendered":"https:\/\/test.gannatrando.fr\/?page_id=236"},"modified":"2022-01-15T14:23:11","modified_gmt":"2022-01-15T13:23:11","slug":"adhesion","status":"publish","type":"page","link":"https:\/\/test.gannatrando.fr\/index.php\/adhesion\/","title":{"rendered":"Adh\u00e9sion"},"content":{"rendered":"\n<p><\/p>\n\n\n\n<p id=\"block-83cef9ec-ebc2-4bdb-8981-c525c913acfc\">L\u2019association <strong><span style=\"color:#a30023\" class=\"has-inline-color\">GANNAT RANDO<\/span><\/strong> est affili\u00e9e \u00e0 la F\u00e9d\u00e9ration Fran\u00e7aise de Randonn\u00e9e P\u00e9destre et une licence est obligatoire.<\/p>\n\n\n\n<p id=\"block-c8c91777-5fcd-4bce-8b63-9dd8f418a979\">Tout adh\u00e9rent \u00e0 <strong><span style=\"color:#a30016\" class=\"has-inline-color\">GANNAT RANDO<\/span><\/strong> devient donc licenci\u00e9 \u00e0 la FFRandonn\u00e9e, b\u00e9n\u00e9ficiant ainsi d\u2019un certain nombre d\u2019avantages et d\u2019une assurance le couvrant dans sa pratique de la randonn\u00e9e, avec l\u2019association ou pas.<\/p>\n\n\n\n<figure class=\"wp-block-image\" id=\"block-e1422e8a-3aae-48ea-9c8a-9d7a28fa6fcb\"><img decoding=\"async\" src=\"https:\/\/test.gannatrando.fr\/wp-content\/uploads\/2022\/01\/licence-ffrandonnee-2022-2-1.png\" alt=\"L\u2019attribut alt de cette image est vide, son nom de fichier est licence-ffrandonnee-2022-2-1.png.\"\/><\/figure>\n\n\n\n<p id=\"block-51d2a52d-d01a-4e26-801a-f9069bcc6837\">\ufeff<\/p>\n\n\n\n<p id=\"block-c68f4674-82df-49eb-b257-a7ddcf18ba29\">L\u2019adh\u00e9sion \u00e0 <strong>GANNAT &nbsp;RANDO<\/strong> n\u00e9cessite de :<\/p>\n\n\n\n<ol class=\"wp-block-list\" id=\"block-bb637edf-702b-4b26-9d8d-5090a4280a72\"><li>REMPLIR UN BULLETIN D\u2019ADH\u00c9SION<br>En attente d\u2019un bulletin d\u2019adh\u00e9sion en ligne, s\u2019adresser \u00e0 Jean-Louis CHAGNAUD ou laisser un message . Voir CONTACT<\/li><\/ol>\n\n\n\n<p id=\"block-280da0f3-6b7d-4ae2-9789-177cf116c62b\">FOURNIR \u00c9VENTUELLEMENT UN CERTIFICAT M\u00c9DICAL attestant la non contre-indication de la pratique de la &nbsp;randonn\u00e9e p\u00e9destre.<\/p>\n\n\n\n<p id=\"block-8a66b57e-2a1e-486b-9913-0c7beb9bcb72\">Pour toute premi\u00e8re prise de licence, un certificat m\u00e9dical d\u2019absence de contre-indication \u00e0 l\u2019activit\u00e9 sportive pratiqu\u00e9e, dat\u00e9e de moins d\u2019un an au jour de la prise de licence, doit \u00eatre fourni par le pratiquant. Sa dur\u00e9e de validit\u00e9 est maintenant de 3 ans, sous certaines conditions .<\/p>\n\n\n\n<p id=\"block-07b5ab30-4161-4c17-b2a4-8b98aad86e8e\">Pour toute information compl\u00e9mentaire &nbsp;contacter Jean-Louis CHAGNAUD ou contacter le service m\u00e9dical de la F\u00e9d\u00e9ration Fran\u00e7aise de Randonn\u00e9e: &nbsp;medical@ffrandonnee.fr<\/p>\n\n\n\n<ol class=\"wp-block-list\" start=\"2\" id=\"block-afb60d3a-b04f-4f9e-80e9-07858260b3fc\"><li>PAYER LA COTISATION ANNUELLE : c\u2019est \u00e0 dire la cotisation \u00e0 GANNAT &nbsp;RANDO 21\u20ac pour un adulte de plus de 16 ans et la licence FFRandonn\u00e9e.<br>&nbsp;&nbsp;&nbsp;&nbsp;&nbsp;&nbsp;&nbsp;&nbsp;&nbsp;&nbsp;&nbsp;Tarifs 2021 :<br>\u25cf Licence individuelle (IR) avec responsabilit\u00e9 civile : 25\u20ac85 au total avec adh\u00e9sion : 46\u20ac85 &nbsp;&nbsp;&nbsp;&nbsp;&nbsp;&nbsp;&nbsp;<br>\u25cf Licence individuelle (IRA) avec responsabilit\u00e9 civile +accidents : 28\u20ac 00 soit au total avec adh\u00e9sion 49\u20ac00 &nbsp;<br>\u25cf Licence familiale (FR) avec responsabilit\u00e9 civile ( 2 adultes avec enfants ou petits-enfants sans suppl\u00e9ment ) : 51\u20ac25 soit au total avec adh\u00e9sion 93\u20ac25<br>\u25cf Licence familiale (FRA) avec responsabilit\u00e9 civile + accidents (2 adultes avec enfants ou petits-enfants sans suppl\u00e9ment) : 55\u20ac80 soit au total avec adh\u00e9sion 97\u20ac80<br>\u25cf Facultatif : abonnement \u00e0 \u201cPassion Rando\u201d magazine trimestriel de la FFRandonn\u00e9e P\u00e9destre , 4 num\u00e9ros pour 8\u20ac<\/li><\/ol>\n\n\n\n<p>\ufeff<\/p>\n","protected":false},"excerpt":{"rendered":"<p>L\u2019association GANNAT RANDO est affili\u00e9e \u00e0 la F\u00e9d\u00e9ration Fran\u00e7aise de Randonn\u00e9e P\u00e9destre et une licence est obligatoire. Tout adh\u00e9rent \u00e0 GANNAT RANDO devient donc licenci\u00e9 \u00e0 la FFRandonn\u00e9e, b\u00e9n\u00e9ficiant ainsi d\u2019un certain nombre d\u2019avantages et d\u2019une assurance le couvrant dans sa pratique de la randonn\u00e9e, avec l\u2019association ou pas. \ufeff L\u2019adh\u00e9sion \u00e0 GANNAT &nbsp;RANDO n\u00e9cessite&#8230;<\/p>\n","protected":false},"author":1,"featured_media":0,"parent":0,"menu_order":0,"comment_status":"closed","ping_status":"closed","template":"","meta":{"_kad_post_transparent":"","_kad_post_title":"","_kad_post_layout":"","_kad_post_sidebar_id":"","_kad_post_content_style":"","_kad_post_vertical_padding":"","_kad_post_feature":"","_kad_post_feature_position":"","_kad_post_header":false,"_kad_post_footer":false,"footnotes":""},"class_list":["post-236","page","type-page","status-publish","hentry"],"_links":{"self":[{"href":"https:\/\/test.gannatrando.fr\/index.php\/wp-json\/wp\/v2\/pages\/236","targetHints":{"allow":["GET"]}}],"collection":[{"href":"https:\/\/test.gannatrando.fr\/index.php\/wp-json\/wp\/v2\/pages"}],"about":[{"href":"https:\/\/test.gannatrando.fr\/index.php\/wp-json\/wp\/v2\/types\/page"}],"author":[{"embeddable":true,"href":"https:\/\/test.gannatrando.fr\/index.php\/wp-json\/wp\/v2\/users\/1"}],"replies":[{"embeddable":true,"href":"https:\/\/test.gannatrando.fr\/index.php\/wp-json\/wp\/v2\/comments?post=236"}],"version-history":[{"count":7,"href":"https:\/\/test.gannatrando.fr\/index.php\/wp-json\/wp\/v2\/pages\/236\/revisions"}],"predecessor-version":[{"id":343,"href":"https:\/\/test.gannatrando.fr\/index.php\/wp-json\/wp\/v2\/pages\/236\/revisions\/343"}],"wp:attachment":[{"href":"https:\/\/test.gannatrando.fr\/index.php\/wp-json\/wp\/v2\/media?parent=236"}],"curies":[{"name":"wp","href":"https:\/\/api.w.org\/{rel}","templated":true}]}}