{"id":28,"date":"2022-01-15T14:17:33","date_gmt":"2022-01-15T13:17:33","guid":{"rendered":"https:\/\/test.gannatrando.fr\/?page_id=28"},"modified":"2022-01-15T14:20:30","modified_gmt":"2022-01-15T13:20:30","slug":"lassociation","status":"publish","type":"page","link":"https:\/\/test.gannatrando.fr\/index.php\/lassociation\/","title":{"rendered":"L&rsquo;association"},"content":{"rendered":"\n<div class=\"wp-block-columns is-layout-flex wp-container-core-columns-is-layout-9d6595d7 wp-block-columns-is-layout-flex\">\n<div class=\"wp-block-column is-layout-flow wp-block-column-is-layout-flow\">\n<div class=\"wp-block-group\"><div class=\"wp-block-group__inner-container is-layout-flow wp-block-group-is-layout-flow\">\n<div class=\"wp-block-file\"><a href=\"https:\/\/test.gannatrando.fr\/wp-content\/uploads\/2022\/01\/GANNAT_RANDO_statuts-1.pdf\"><span class=\"has-inline-color has-vivid-red-color\">Statuts<\/span><br><\/a><a href=\"https:\/\/test.gannatrando.fr\/wp-content\/uploads\/2022\/01\/GANNAT_RANDO_statuts-1.pdf\" class=\"wp-block-file__button\" download><span style=\"color:#e11010\" class=\"has-inline-color\">T\u00e9l\u00e9charger<\/span><\/a><\/div>\n<\/div><\/div>\n\n\n\n<p><\/p>\n<\/div>\n\n\n\n<div class=\"wp-block-column is-vertically-aligned-top has-link-color is-layout-flow wp-block-column-is-layout-flow\">\n<div class=\"wp-block-group alignwide is-style-twentytwentyone-border\"><div class=\"wp-block-group__inner-container is-layout-flow wp-block-group-is-layout-flow\">\n<div class=\"wp-block-file aligncenter\"><a href=\"https:\/\/test.gannatrando.fr\/wp-content\/uploads\/2022\/01\/GANNAT-RANDO-reglement-interieur-version-3.pdf\"><span class=\"has-inline-color has-vivid-red-color\">R\u00e8glement int\u00e9rieur<\/span><br><\/a><a href=\"https:\/\/test.gannatrando.fr\/wp-content\/uploads\/2022\/01\/GANNAT-RANDO-reglement-interieur-version-3.pdf\" class=\"wp-block-file__button\" download><span style=\"color:#a30023\" class=\"has-inline-color\">T\u00e9l\u00e9charger<\/span><\/a><\/div>\n<\/div><\/div>\n\n\n\n<div class=\"wp-block-columns is-layout-flex wp-container-core-columns-is-layout-9d6595d7 wp-block-columns-is-layout-flex\">\n<div class=\"wp-block-column is-layout-flow wp-block-column-is-layout-flow\"><\/div>\n<\/div>\n<\/div>\n\n\n\n<div class=\"wp-block-column is-layout-flow wp-block-column-is-layout-flow\">\n<div class=\"wp-block-columns is-layout-flex wp-container-core-columns-is-layout-9d6595d7 wp-block-columns-is-layout-flex\">\n<div class=\"wp-block-column is-layout-flow wp-block-column-is-layout-flow\" style=\"flex-basis:100%\">\n<div class=\"wp-block-file aligncenter\"><a href=\"https:\/\/test.gannatrando.fr\/wp-content\/uploads\/2022\/01\/Charte-du-Randonneur.pdf\"><span class=\"has-inline-color has-vivid-red-color\">Charte du randonneur <\/span><br><\/a><a href=\"https:\/\/test.gannatrando.fr\/wp-content\/uploads\/2022\/01\/Charte-du-Randonneur.pdf\" class=\"wp-block-file__button\" download><span style=\"color:#a30035\" class=\"has-inline-color\">T\u00e9l\u00e9charger<\/span><\/a><\/div>\n\n\n\n<p><\/p>\n<\/div>\n<\/div>\n\n\n\n<p><\/p>\n<\/div>\n<\/div>\n\n\n\n<p class=\"has-light-green-cyan-background-color has-background has-medium-font-size\">Le bureau <\/p>\n\n\n\n<ul class=\"wp-block-list\"><li>Pr\u00e9sident : Jean-Louis CHAGNAUD<\/li><li>Vice-pr\u00e9sident : Bernard BEAUDONNET<\/li><li>Secr\u00e9taire : Mireille SORET<\/li><li>Secr\u00e9taire Adjointe : Ren\u00e9e GUILLEN<\/li><li>Tr\u00e9sorier : Claude MESNIER<\/li><li>Tr\u00e9sori\u00e8re adjointe : Jocelyne CARTOUX<\/li><li>Membres : \u00c9ric Bellet, Jacqueline Berger, Maryse Berthuet, Annie Paturet , Bernard Pontoise, Alain Roche<\/li><\/ul>\n\n\n\n<p class=\"has-white-color has-vivid-red-background-color has-text-color has-background has-medium-font-size\" style=\"line-height:1.5\"><span class=\"has-inline-color has-black-color\">Les Animateurs<\/span><\/p>\n\n\n\n<div class=\"wp-block-columns is-layout-flex wp-container-core-columns-is-layout-9d6595d7 wp-block-columns-is-layout-flex\">\n<div class=\"wp-block-column is-layout-flow wp-block-column-is-layout-flow\" style=\"flex-basis:100%\">\n<ul class=\"wp-block-list\"><li>Fr\u00e9d\u00e9ric AUDIN<\/li><li>Patrick BERTRAND<\/li><li>Eric BELLET<\/li><li>Jean-Louis CHAGNAUD<\/li><li>Dani\u00e8le MECHIN<\/li><li>Claude MESNIER<\/li><li>Alain ROCHE<\/li><li>Yves ROUMEAU<\/li><li>Mireille SORET<\/li><\/ul>\n<\/div>\n<\/div>\n\n\n\n<figure class=\"wp-block-image size-full is-resized\"><img loading=\"lazy\" decoding=\"async\" src=\"https:\/\/test.gannatrando.fr\/wp-content\/uploads\/2022\/01\/photos-des-animateurs-2021.png\" alt=\"\" class=\"wp-image-232\" width=\"392\" height=\"477\" srcset=\"https:\/\/test.gannatrando.fr\/wp-content\/uploads\/2022\/01\/photos-des-animateurs-2021.png 712w, https:\/\/test.gannatrando.fr\/wp-content\/uploads\/2022\/01\/photos-des-animateurs-2021-246x300.png 246w, https:\/\/test.gannatrando.fr\/wp-content\/uploads\/2022\/01\/photos-des-animateurs-2021-624x761.png 624w\" sizes=\"auto, (max-width: 392px) 100vw, 392px\" \/><\/figure>\n\n\n\n<p><\/p>\n","protected":false},"excerpt":{"rendered":"<p>Le bureau Pr\u00e9sident : Jean-Louis CHAGNAUD Vice-pr\u00e9sident : Bernard BEAUDONNET Secr\u00e9taire : Mireille SORET Secr\u00e9taire Adjointe : Ren\u00e9e GUILLEN Tr\u00e9sorier : Claude MESNIER Tr\u00e9sori\u00e8re adjointe : Jocelyne CARTOUX Membres : \u00c9ric Bellet, Jacqueline Berger, Maryse Berthuet, Annie Paturet , Bernard Pontoise, Alain Roche Les Animateurs Fr\u00e9d\u00e9ric AUDIN Patrick BERTRAND Eric BELLET Jean-Louis CHAGNAUD Dani\u00e8le MECHIN&#8230;<\/p>\n","protected":false},"author":1,"featured_media":0,"parent":0,"menu_order":0,"comment_status":"closed","ping_status":"closed","template":"","meta":{"_kad_post_transparent":"","_kad_post_title":"","_kad_post_layout":"","_kad_post_sidebar_id":"","_kad_post_content_style":"","_kad_post_vertical_padding":"","_kad_post_feature":"","_kad_post_feature_position":"","_kad_post_header":false,"_kad_post_footer":false,"footnotes":""},"class_list":["post-28","page","type-page","status-publish","hentry"],"_links":{"self":[{"href":"https:\/\/test.gannatrando.fr\/index.php\/wp-json\/wp\/v2\/pages\/28","targetHints":{"allow":["GET"]}}],"collection":[{"href":"https:\/\/test.gannatrando.fr\/index.php\/wp-json\/wp\/v2\/pages"}],"about":[{"href":"https:\/\/test.gannatrando.fr\/index.php\/wp-json\/wp\/v2\/types\/page"}],"author":[{"embeddable":true,"href":"https:\/\/test.gannatrando.fr\/index.php\/wp-json\/wp\/v2\/users\/1"}],"replies":[{"embeddable":true,"href":"https:\/\/test.gannatrando.fr\/index.php\/wp-json\/wp\/v2\/comments?post=28"}],"version-history":[{"count":30,"href":"https:\/\/test.gannatrando.fr\/index.php\/wp-json\/wp\/v2\/pages\/28\/revisions"}],"predecessor-version":[{"id":341,"href":"https:\/\/test.gannatrando.fr\/index.php\/wp-json\/wp\/v2\/pages\/28\/revisions\/341"}],"wp:attachment":[{"href":"https:\/\/test.gannatrando.fr\/index.php\/wp-json\/wp\/v2\/media?parent=28"}],"curies":[{"name":"wp","href":"https:\/\/api.w.org\/{rel}","templated":true}]}}